{"id":2550,"date":"2021-05-12T16:35:30","date_gmt":"2021-05-12T16:35:30","guid":{"rendered":"https:\/\/www.eu4environment.org\/%d0%b1%d1%96%d0%b1%d0%bb%d1%96%d0%be%d1%82%d0%b5%d0%ba%d0%b0\/"},"modified":"2021-05-12T16:35:30","modified_gmt":"2021-05-12T16:35:30","slug":"%d0%b1%d1%96%d0%b1%d0%bb%d1%96%d0%be%d1%82%d0%b5%d0%ba%d0%b0","status":"publish","type":"page","link":"https:\/\/www.eu4environment.org\/az\/%d0%b1%d1%96%d0%b1%d0%bb%d1%96%d0%be%d1%82%d0%b5%d0%ba%d0%b0\/","title":{"rendered":"\u0411\u0456\u0431\u043b\u0456\u043e\u0442\u0435\u043a\u0430"},"content":{"rendered":"","protected":false},"excerpt":{"rendered":"","protected":false},"author":1,"featured_media":0,"parent":0,"menu_order":0,"comment_status":"closed","ping_status":"closed","template":"","meta":{"_acf_changed":false,"footnotes":""},"acf":[],"yoast_head":"<!-- This site is optimized with the Yoast SEO plugin v22.9 - https:\/\/yoast.com\/wordpress\/plugins\/seo\/ -->\n<title>\u0411\u0456\u0431\u043b\u0456\u043e\u0442\u0435\u043a\u0430 - EU4ENVIRONMENT<\/title>\n<meta name=\"robots\" content=\"index, follow, max-snippet:-1, max-image-preview:large, max-video-preview:-1\" \/>\n<link rel=\"canonical\" href=\"https:\/\/www.eu4environment.org\/\u0431\u0456\u0431\u043b\u0456\u043e\u0442\u0435\u043a\u0430\/\" \/>\n<meta property=\"og:locale\" content=\"az_AZ\" \/>\n<meta property=\"og:type\" content=\"article\" \/>\n<meta property=\"og:title\" content=\"\u0411\u0456\u0431\u043b\u0456\u043e\u0442\u0435\u043a\u0430 - EU4ENVIRONMENT\" \/>\n<meta property=\"og:url\" content=\"https:\/\/www.eu4environment.org\/\u0431\u0456\u0431\u043b\u0456\u043e\u0442\u0435\u043a\u0430\/\" \/>\n<meta property=\"og:site_name\" content=\"EU4ENVIRONMENT\" \/>\n<meta name=\"twitter:card\" content=\"summary_large_image\" \/>\n<script type=\"application\/ld+json\" class=\"yoast-schema-graph\">{\"@context\":\"https:\/\/schema.org\",\"@graph\":[{\"@type\":\"WebPage\",\"@id\":\"https:\/\/www.eu4environment.org\/%d0%b1%d1%96%d0%b1%d0%bb%d1%96%d0%be%d1%82%d0%b5%d0%ba%d0%b0\/\",\"url\":\"https:\/\/www.eu4environment.org\/%d0%b1%d1%96%d0%b1%d0%bb%d1%96%d0%be%d1%82%d0%b5%d0%ba%d0%b0\/\",\"name\":\"\u0411\u0456\u0431\u043b\u0456\u043e\u0442\u0435\u043a\u0430 - EU4ENVIRONMENT\",\"isPartOf\":{\"@id\":\"https:\/\/www.eu4environment.org\/#website\"},\"datePublished\":\"2021-05-12T16:35:30+00:00\",\"dateModified\":\"2021-05-12T16:35:30+00:00\",\"inLanguage\":\"az\",\"potentialAction\":[{\"@type\":\"ReadAction\",\"target\":[\"https:\/\/www.eu4environment.org\/%d0%b1%d1%96%d0%b1%d0%bb%d1%96%d0%be%d1%82%d0%b5%d0%ba%d0%b0\/\"]}]},{\"@type\":\"WebSite\",\"@id\":\"https:\/\/www.eu4environment.org\/#website\",\"url\":\"https:\/\/www.eu4environment.org\/\",\"name\":\"EU4ENVIRONMENT\",\"description\":\"Erm\u0259nistan, Az\u0259rbaycan, Belarus, G\u00fcrc\u00fcstan, Moldova Respublikas\u0131, Ukrayna\",\"potentialAction\":[{\"@type\":\"SearchAction\",\"target\":{\"@type\":\"EntryPoint\",\"urlTemplate\":\"https:\/\/www.eu4environment.org\/?s={search_term_string}\"},\"query-input\":\"required name=search_term_string\"}],\"inLanguage\":\"az\"}]}<\/script>\n<!-- \/ Yoast SEO plugin. -->","yoast_head_json":{"title":"\u0411\u0456\u0431\u043b\u0456\u043e\u0442\u0435\u043a\u0430 - EU4ENVIRONMENT","robots":{"index":"index","follow":"follow","max-snippet":"max-snippet:-1","max-image-preview":"max-image-preview:large","max-video-preview":"max-video-preview:-1"},"canonical":"https:\/\/www.eu4environment.org\/\u0431\u0456\u0431\u043b\u0456\u043e\u0442\u0435\u043a\u0430\/","og_locale":"az_AZ","og_type":"article","og_title":"\u0411\u0456\u0431\u043b\u0456\u043e\u0442\u0435\u043a\u0430 - EU4ENVIRONMENT","og_url":"https:\/\/www.eu4environment.org\/\u0431\u0456\u0431\u043b\u0456\u043e\u0442\u0435\u043a\u0430\/","og_site_name":"EU4ENVIRONMENT","twitter_card":"summary_large_image","schema":{"@context":"https:\/\/schema.org","@graph":[{"@type":"WebPage","@id":"https:\/\/www.eu4environment.org\/%d0%b1%d1%96%d0%b1%d0%bb%d1%96%d0%be%d1%82%d0%b5%d0%ba%d0%b0\/","url":"https:\/\/www.eu4environment.org\/%d0%b1%d1%96%d0%b1%d0%bb%d1%96%d0%be%d1%82%d0%b5%d0%ba%d0%b0\/","name":"\u0411\u0456\u0431\u043b\u0456\u043e\u0442\u0435\u043a\u0430 - EU4ENVIRONMENT","isPartOf":{"@id":"https:\/\/www.eu4environment.org\/#website"},"datePublished":"2021-05-12T16:35:30+00:00","dateModified":"2021-05-12T16:35:30+00:00","inLanguage":"az","potentialAction":[{"@type":"ReadAction","target":["https:\/\/www.eu4environment.org\/%d0%b1%d1%96%d0%b1%d0%bb%d1%96%d0%be%d1%82%d0%b5%d0%ba%d0%b0\/"]}]},{"@type":"WebSite","@id":"https:\/\/www.eu4environment.org\/#website","url":"https:\/\/www.eu4environment.org\/","name":"EU4ENVIRONMENT","description":"Erm\u0259nistan, Az\u0259rbaycan, Belarus, G\u00fcrc\u00fcstan, Moldova Respublikas\u0131, Ukrayna","potentialAction":[{"@type":"SearchAction","target":{"@type":"EntryPoint","urlTemplate":"https:\/\/www.eu4environment.org\/?s={search_term_string}"},"query-input":"required name=search_term_string"}],"inLanguage":"az"}]}},"_links":{"self":[{"href":"https:\/\/www.eu4environment.org\/az\/wp-json\/wp\/v2\/pages\/2550"}],"collection":[{"href":"https:\/\/www.eu4environment.org\/az\/wp-json\/wp\/v2\/pages"}],"about":[{"href":"https:\/\/www.eu4environment.org\/az\/wp-json\/wp\/v2\/types\/page"}],"author":[{"embeddable":true,"href":"https:\/\/www.eu4environment.org\/az\/wp-json\/wp\/v2\/users\/1"}],"replies":[{"embeddable":true,"href":"https:\/\/www.eu4environment.org\/az\/wp-json\/wp\/v2\/comments?post=2550"}],"version-history":[{"count":0,"href":"https:\/\/www.eu4environment.org\/az\/wp-json\/wp\/v2\/pages\/2550\/revisions"}],"wp:attachment":[{"href":"https:\/\/www.eu4environment.org\/az\/wp-json\/wp\/v2\/media?parent=2550"}],"curies":[{"name":"wp","href":"https:\/\/api.w.org\/{rel}","templated":true}]}}