{"id":4572,"date":"2021-08-06T10:37:56","date_gmt":"2021-08-06T10:37:56","guid":{"rendered":"https:\/\/www.eu4environment.org\/despre-noi\/"},"modified":"2021-09-10T13:53:21","modified_gmt":"2021-09-10T13:53:21","slug":"about","status":"publish","type":"page","link":"https:\/\/www.eu4environment.org\/ro\/about\/","title":{"rendered":"Despre noi"},"content":{"rendered":"\n<h2 class=\"wp-block-heading\">Context<\/h2>\n\n\n\n<p>Programul EU4Environment a fost lansat \u00een contextul unui elan politic important, legat de cea de-a 10-a aniversare a Parteneriatului Estic, care a \u00eenregistrat progrese bune \u00een vederea realiz\u0103rii celor \u201e20 de rezultate pentru 2020\u201c \u0219i a consolidat sprijinul UE pentru obiectivele de mediu dup\u0103 alegerile europene. De asemenea, lansarea acestuia a fost legat\u0103 de mediul politic dinamic \u00een \u021b\u0103rile Parteneriatului Estic, care a cuprins schimb\u0103ri politice \u0219i institu\u021bionale importante \u00een Armenia, Georgia, Moldova \u0219i Ucraina \u00een urma restructur\u0103rii guvernelor \u0219i\/sau a alegerilor parlamentare. Etapa de mobilizare \u0219i de ini\u021biere a programului EU4Environment (ianuarie-octombrie 2019) a eviden\u021biat c\u0103 Ac\u021biunea era foarte oportun\u0103, relevant\u0103 \u0219i extrem de necesar\u0103.<\/p>\n\n\n\n<p>Prin reunirea actorilor economici \u0219i din domeniul mediului, EU4Environment ajut\u0103 la realizarea modific\u0103rilor politice \u0219i legislative, transform\u00e2nd planificarea \u0219i investi\u021biile \u00een activit\u0103\u021bi mai ecologice, stimul\u00e2nd preluarea tehnologiilor inovatoare, adopt\u00e2nd noi modele de afaceri \u0219i cre\u00e2nd locuri de munc\u0103 ecologice. Acesta promoveaz\u0103 o guvernan\u021ba mai bun\u0103 \u00een domeniul mediului, o gestionare \u00eembun\u0103t\u0103\u021bit\u0103 a ariilor protejate \u0219i p\u0103durilor, precum \u0219i comer\u021bul durabil. Domeniul de aplicare al Ac\u021biunii a fost definit \u00een cooperare cu toate \u021b\u0103rile partenere.<\/p>\n\n\n\n<p>La baza Ac\u021biunii stau realiz\u0103ri importante ale programelor de cooperare anterioare, precum <a href=\"http:\/\/www.oecd.org\/environment\/outreach\/EaP%20GREEN_From%20Commitments%20to%20Results.pdf\">\u201eEcologizarea economiilor din Vecin\u0103tatea Estic\u0103 (\u201eEaP GREEN\u201c)<\/a>, <a href=\"http:\/\/www.enpi-fleg.org\/about\/impacts\/\">Asigurarea respect\u0103rii legisla\u021biei \u0219i guvernan\u021b\u0103 \u00een domeniul forestier (FLEG)<\/a>, \u0219i <a href=\"https:\/\/pjp-eu.coe.int\/en\/web\/emerald-network\/\">Re\u021beaua \u201eEmerald\u201c<\/a>, care au fost finalizate \u00een 2017-2018. Ac\u021biunea va asigura sinergii cu alte ini\u021biative finan\u021bate de UE (EU4Climate, EU4Business, EU4Energy, SIGMA), coordonarea cu Delega\u021biile Uniunii Europene \u0219i implicarea societ\u0103\u021bii civile.<\/p>\n\n\n\n<p><\/p>\n","protected":false},"excerpt":{"rendered":"<p>Context Programul EU4Environment a fost lansat \u00een contextul unui elan politic important, legat de cea de-a 10-a aniversare a Parteneriatului Estic, care a \u00eenregistrat progrese bune \u00een vederea realiz\u0103rii celor \u201e20 de rezultate pentru 2020\u201c \u0219i a consolidat sprijinul UE pentru obiectivele de mediu dup\u0103 alegerile europene. De asemenea, lansarea acestuia a fost legat\u0103 de &hellip;<\/p>\n","protected":false},"author":1,"featured_media":4576,"parent":0,"menu_order":0,"comment_status":"closed","ping_status":"closed","template":"views\/template-about.blade.php","meta":{"_acf_changed":false,"footnotes":""},"acf":[],"yoast_head":"<!-- This site is optimized with the Yoast SEO plugin v22.9 - https:\/\/yoast.com\/wordpress\/plugins\/seo\/ -->\n<title>Despre noi - EU4ENVIRONMENT<\/title>\n<meta name=\"robots\" content=\"index, follow, max-snippet:-1, max-image-preview:large, max-video-preview:-1\" \/>\n<link rel=\"canonical\" href=\"https:\/\/www.eu4environment.org\/ro\/about\/\" \/>\n<meta property=\"og:locale\" content=\"ro_RO\" \/>\n<meta property=\"og:type\" content=\"article\" \/>\n<meta property=\"og:title\" content=\"Despre noi - EU4ENVIRONMENT\" \/>\n<meta property=\"og:description\" content=\"Context Programul EU4Environment a fost lansat \u00een contextul unui elan politic important, legat de cea de-a 10-a aniversare a Parteneriatului Estic, care a \u00eenregistrat progrese bune \u00een vederea realiz\u0103rii celor \u201e20 de rezultate pentru 2020\u201c \u0219i a consolidat sprijinul UE pentru obiectivele de mediu dup\u0103 alegerile europene. De asemenea, lansarea acestuia a fost legat\u0103 de &hellip;\" \/>\n<meta property=\"og:url\" content=\"https:\/\/www.eu4environment.org\/ro\/about\/\" \/>\n<meta property=\"og:site_name\" content=\"EU4ENVIRONMENT\" \/>\n<meta property=\"article:modified_time\" content=\"2021-09-10T13:53:21+00:00\" \/>\n<meta property=\"og:image\" content=\"https:\/\/www.eu4environment.org\/app\/uploads\/2020\/10\/About-middle-page.jpg\" \/>\n\t<meta property=\"og:image:width\" content=\"636\" \/>\n\t<meta property=\"og:image:height\" content=\"438\" \/>\n\t<meta property=\"og:image:type\" content=\"image\/jpeg\" \/>\n<meta name=\"twitter:card\" content=\"summary_large_image\" \/>\n<meta name=\"twitter:label1\" content=\"Est. reading time\" \/>\n\t<meta name=\"twitter:data1\" content=\"1 minute\" \/>\n<script type=\"application\/ld+json\" class=\"yoast-schema-graph\">{\"@context\":\"https:\/\/schema.org\",\"@graph\":[{\"@type\":\"WebPage\",\"@id\":\"https:\/\/www.eu4environment.org\/ro\/about\/\",\"url\":\"https:\/\/www.eu4environment.org\/ro\/about\/\",\"name\":\"Despre noi - EU4ENVIRONMENT\",\"isPartOf\":{\"@id\":\"https:\/\/www.eu4environment.org\/#website\"},\"primaryImageOfPage\":{\"@id\":\"https:\/\/www.eu4environment.org\/ro\/about\/#primaryimage\"},\"image\":{\"@id\":\"https:\/\/www.eu4environment.org\/ro\/about\/#primaryimage\"},\"thumbnailUrl\":\"https:\/\/www.eu4environment.org\/app\/uploads\/2020\/10\/About-middle-page.jpg\",\"datePublished\":\"2021-08-06T10:37:56+00:00\",\"dateModified\":\"2021-09-10T13:53:21+00:00\",\"inLanguage\":\"ro-RO\",\"potentialAction\":[{\"@type\":\"ReadAction\",\"target\":[\"https:\/\/www.eu4environment.org\/ro\/about\/\"]}]},{\"@type\":\"ImageObject\",\"inLanguage\":\"ro-RO\",\"@id\":\"https:\/\/www.eu4environment.org\/ro\/about\/#primaryimage\",\"url\":\"https:\/\/www.eu4environment.org\/app\/uploads\/2020\/10\/About-middle-page.jpg\",\"contentUrl\":\"https:\/\/www.eu4environment.org\/app\/uploads\/2020\/10\/About-middle-page.jpg\",\"width\":636,\"height\":438,\"caption\":\"-\"},{\"@type\":\"WebSite\",\"@id\":\"https:\/\/www.eu4environment.org\/#website\",\"url\":\"https:\/\/www.eu4environment.org\/\",\"name\":\"EU4ENVIRONMENT\",\"description\":\"Armenia, Azerbaidjan, Belarus, Georgia, Republica Moldova \u0219i Ucraina\",\"potentialAction\":[{\"@type\":\"SearchAction\",\"target\":{\"@type\":\"EntryPoint\",\"urlTemplate\":\"https:\/\/www.eu4environment.org\/?s={search_term_string}\"},\"query-input\":\"required name=search_term_string\"}],\"inLanguage\":\"ro-RO\"}]}<\/script>\n<!-- \/ Yoast SEO plugin. -->","yoast_head_json":{"title":"Despre noi - EU4ENVIRONMENT","robots":{"index":"index","follow":"follow","max-snippet":"max-snippet:-1","max-image-preview":"max-image-preview:large","max-video-preview":"max-video-preview:-1"},"canonical":"https:\/\/www.eu4environment.org\/ro\/about\/","og_locale":"ro_RO","og_type":"article","og_title":"Despre noi - EU4ENVIRONMENT","og_description":"Context Programul EU4Environment a fost lansat \u00een contextul unui elan politic important, legat de cea de-a 10-a aniversare a Parteneriatului Estic, care a \u00eenregistrat progrese bune \u00een vederea realiz\u0103rii celor \u201e20 de rezultate pentru 2020\u201c \u0219i a consolidat sprijinul UE pentru obiectivele de mediu dup\u0103 alegerile europene. De asemenea, lansarea acestuia a fost legat\u0103 de &hellip;","og_url":"https:\/\/www.eu4environment.org\/ro\/about\/","og_site_name":"EU4ENVIRONMENT","article_modified_time":"2021-09-10T13:53:21+00:00","og_image":[{"width":636,"height":438,"url":"https:\/\/www.eu4environment.org\/app\/uploads\/2020\/10\/About-middle-page.jpg","type":"image\/jpeg"}],"twitter_card":"summary_large_image","twitter_misc":{"Est. reading time":"1 minute"},"schema":{"@context":"https:\/\/schema.org","@graph":[{"@type":"WebPage","@id":"https:\/\/www.eu4environment.org\/ro\/about\/","url":"https:\/\/www.eu4environment.org\/ro\/about\/","name":"Despre noi - EU4ENVIRONMENT","isPartOf":{"@id":"https:\/\/www.eu4environment.org\/#website"},"primaryImageOfPage":{"@id":"https:\/\/www.eu4environment.org\/ro\/about\/#primaryimage"},"image":{"@id":"https:\/\/www.eu4environment.org\/ro\/about\/#primaryimage"},"thumbnailUrl":"https:\/\/www.eu4environment.org\/app\/uploads\/2020\/10\/About-middle-page.jpg","datePublished":"2021-08-06T10:37:56+00:00","dateModified":"2021-09-10T13:53:21+00:00","inLanguage":"ro-RO","potentialAction":[{"@type":"ReadAction","target":["https:\/\/www.eu4environment.org\/ro\/about\/"]}]},{"@type":"ImageObject","inLanguage":"ro-RO","@id":"https:\/\/www.eu4environment.org\/ro\/about\/#primaryimage","url":"https:\/\/www.eu4environment.org\/app\/uploads\/2020\/10\/About-middle-page.jpg","contentUrl":"https:\/\/www.eu4environment.org\/app\/uploads\/2020\/10\/About-middle-page.jpg","width":636,"height":438,"caption":"-"},{"@type":"WebSite","@id":"https:\/\/www.eu4environment.org\/#website","url":"https:\/\/www.eu4environment.org\/","name":"EU4ENVIRONMENT","description":"Armenia, Azerbaidjan, Belarus, Georgia, Republica Moldova \u0219i Ucraina","potentialAction":[{"@type":"SearchAction","target":{"@type":"EntryPoint","urlTemplate":"https:\/\/www.eu4environment.org\/?s={search_term_string}"},"query-input":"required name=search_term_string"}],"inLanguage":"ro-RO"}]}},"_links":{"self":[{"href":"https:\/\/www.eu4environment.org\/ro\/wp-json\/wp\/v2\/pages\/4572"}],"collection":[{"href":"https:\/\/www.eu4environment.org\/ro\/wp-json\/wp\/v2\/pages"}],"about":[{"href":"https:\/\/www.eu4environment.org\/ro\/wp-json\/wp\/v2\/types\/page"}],"author":[{"embeddable":true,"href":"https:\/\/www.eu4environment.org\/ro\/wp-json\/wp\/v2\/users\/1"}],"replies":[{"embeddable":true,"href":"https:\/\/www.eu4environment.org\/ro\/wp-json\/wp\/v2\/comments?post=4572"}],"version-history":[{"count":0,"href":"https:\/\/www.eu4environment.org\/ro\/wp-json\/wp\/v2\/pages\/4572\/revisions"}],"wp:featuredmedia":[{"embeddable":true,"href":"https:\/\/www.eu4environment.org\/ro\/wp-json\/wp\/v2\/media\/4576"}],"wp:attachment":[{"href":"https:\/\/www.eu4environment.org\/ro\/wp-json\/wp\/v2\/media?parent=4572"}],"curies":[{"name":"wp","href":"https:\/\/api.w.org\/{rel}","templated":true}]}}